{"id":17250,"date":"2017-10-20T15:52:53","date_gmt":"2017-10-20T12:52:53","guid":{"rendered":"http:\/\/www.enka.com\/spor\/?page_id=17250"},"modified":"2025-10-02T16:56:41","modified_gmt":"2025-10-02T13:56:41","slug":"enka-foundation","status":"publish","type":"page","link":"https:\/\/www.enkaspor.com\/en\/about-us\/enka-foundation\/","title":{"rendered":"ENKA FOUNDATION"},"content":{"rendered":"<div class=\"wpb-content-wrapper\"><p>[vc_row][vc_column]<div id=\"ultimate-heading-381969e8dfeb81b1b\" class=\"uvc-heading ult-adjust-bottom-margin ultimate-heading-381969e8dfeb81b1b uvc-8398 \" data-hspacer=\"line_with_icon\" data-hline_width=\"auto\" data-hicon_type=\"custom\" data-hborder_style=\"solid\" data-hborder_height=\"3\" data-hborder_color=\"#fe5252\" data-icon_width=\"100\" data-hfixer=\"30\"  data-halign=\"center\" style=\"text-align:center\"><div class=\"uvc-heading-spacer line_with_icon\" style=\"top\"><div class=\"ult-just-icon-wrapper  \"><div class=\"align-icon\" style=\"text-align:center;\">\n<div class=\"aio-icon-img \" style=\"font-size:100px;display:inline-block;\" >\n\t<img decoding=\"async\" class=\"img-icon\" alt=\"null\" src=\"https:\/\/www.enkaspor.com\/wp-content\/uploads\/2017\/11\/Enka-Spor-Logo_Blue.png\"\/>\n<\/div><\/div><\/div><\/div><\/div><div class=\"ult-spacer spacer-69e8dfeb81b72\" data-id=\"69e8dfeb81b72\" data-height=\"24\" data-height-mobile=\"24\" data-height-tab=\"24\" data-height-tab-portrait=\"\" data-height-mobile-landscape=\"\" style=\"clear:both;display:block;\"><\/div>[\/vc_column][\/vc_row][vc_row padding_top=&#8221;30px&#8221; bg_type=&#8221;bg_color&#8221; bg_color_value=&#8221;#f5f5f5&#8243;][vc_column]<div id=\"ultimate-heading-901869e8dfeb81bc4\" class=\"uvc-heading ult-adjust-bottom-margin ultimate-heading-901869e8dfeb81bc4 uvc-9415 \" data-hspacer=\"line_only\"  data-halign=\"left\" style=\"text-align:left\"><div class=\"uvc-sub-heading ult-responsive\"  data-ultimate-target='.uvc-heading.ultimate-heading-901869e8dfeb81bc4 .uvc-sub-heading '  data-responsive-json-new='{\"font-size\":\"desktop:50px;tablet:48px;tablet_portrait:46px;mobile_landscape:44px;mobile:42px;\",\"line-height\":\"desktop:50px;tablet:48px;tablet_portrait:46px;mobile_landscape:44px;mobile:42px;\"}'  style=\"font-weight:bold;color:#000000;\"><span style=\"color: #fe5252;\">ENKA<\/span> FOUNDATION<\/div><div class=\"uvc-heading-spacer line_only\" style=\"margin-top:10px;height:3px;\"><span class=\"uvc-headings-line\" style=\"border-style:solid;border-bottom-width:3px;border-color:#000000;width:100px;\"><\/span><\/div><\/div>[\/vc_column][\/vc_row][vc_row padding_top=&#8221;30px&#8221; bg_type=&#8221;bg_color&#8221; bg_color_value=&#8221;#f5f5f5&#8243;][vc_column][vc_column_text]The ENKA Foundation was established in 1983 to uphold and advance the company\u2019s core philosophy and cultural values: to advance the intellectual, physical, and spiritual development of human civilization.<\/p>\n<p>To foster this ambitious aim, the Sadi G\u00fcl\u00e7elik Sports Complex was established that same year on the green slopes of \u0130stinye, providing enrichment programs that would introduce Turkish youth to sports. In turn, this resulted in the creation of the ENKA Sports Club. Igniting in children and young adults a passion for sports and achievement, through identifying their talent and potential, and offering a top level of training and coaching, this facility raises elite athletes to become champions in the national and international arenas.<\/p>\n<p>Complementing its support of physical fitness through the Sadi G\u00fcl\u00e7elik Sports Complex, the ENKA Foundation sought outlets to provide educational and social development.<br \/>\nIn 1996, ENKA Schools were founded on the same site in \u0130stinye.<\/p>\n<p>To counter the devastation incurred in Adapazar\u0131 following the 1999 earthquake, ENKA Schools in Adapazar\u0131 was established that same year, giving that community much needed support.<\/p>\n<p>In 2008, ENKA Foundation launched two private schools in Kocaeli, ENKA Technical and Industrial Vocational School and ENKA Science and Technology High School.<\/p>\n<p>ENKA Culture and Arts collaborates with all of these entities to share appreciation for and develop interest and talent in the arts.[\/vc_column_text]<div class=\"ult-spacer spacer-69e8dfeb81bfc\" data-id=\"69e8dfeb81bfc\" data-height=\"30\" data-height-mobile=\"10\" data-height-tab=\"20\" data-height-tab-portrait=\"\" data-height-mobile-landscape=\"\" style=\"clear:both;display:block;\"><\/div>[\/vc_column][\/vc_row][vc_row padding_top=&#8221;30px&#8221; bg_type=&#8221;bg_color&#8221; bg_color_value=&#8221;#f5f5f5&#8243;][vc_column]\n\t\t\t\t<div class=\"vcex-image-grid ks-row clr grid-style- vcex-gallery-lightbox\" id=\"vcex-image-grid-93\">\n\t\t\t\t\t\n\t\t\t\t\t\n\t\t\t\t\t\t<figure class=\"vcex-image-grid-entry col span_1_of_2 col-1\">\n\t\t\t\t\t\t\t<div class=\"vcex-image-grid-entry-img vcex-true \">\n\t\t\t\t\t\t\t\t\t\t\t\t\t\t\t\t\t<a href=\"https:\/\/www.enkaspor.com\/wp-content\/uploads\/2017\/10\/membership_contract_fi.jpg\" title=\"\" class=\"vcex-image-grid-entry-img gallery-lightbox\">\n\t\t\t\t\t\t\t\t\t\t<img loading=\"lazy\" decoding=\"async\" src=\"https:\/\/www.enkaspor.com\/wp-content\/uploads\/2017\/10\/membership_contract_fi.jpg\" alt=\"\" width=\"9999\" height=\"9999\" \/>\n\t\t\t\t\t\t\t\t\t<\/a><!-- .vcex-image-grid-entry-img -->\n\t\t\t\t\t\t\t\t\t\t\t\t\t\t\t<\/div>\n\t\t\t\t\t\t<\/figure>\n\t\t\t\t\t\t\n\t\t\t\t\t\t\n\t\t\t\t\t\t<figure class=\"vcex-image-grid-entry col span_1_of_2 col-2\">\n\t\t\t\t\t\t\t<div class=\"vcex-image-grid-entry-img vcex-true \">\n\t\t\t\t\t\t\t\t\t\t\t\t\t\t\t\t\t<a href=\"https:\/\/www.enkaspor.com\/wp-content\/uploads\/2017\/10\/member_communication_permission_contract_fi.jpg\" title=\"\" class=\"vcex-image-grid-entry-img gallery-lightbox\">\n\t\t\t\t\t\t\t\t\t\t<img loading=\"lazy\" decoding=\"async\" src=\"https:\/\/www.enkaspor.com\/wp-content\/uploads\/2017\/10\/member_communication_permission_contract_fi.jpg\" alt=\"\" width=\"9999\" height=\"9999\" \/>\n\t\t\t\t\t\t\t\t\t<\/a><!-- .vcex-image-grid-entry-img -->\n\t\t\t\t\t\t\t\t\t\t\t\t\t\t\t<\/div>\n\t\t\t\t\t\t<\/figure>\n\t\t\t\t\t\t\n\t\t\t\t\t\t\n\t\t\t\t\t\t<figure class=\"vcex-image-grid-entry col span_1_of_2 col-3\">\n\t\t\t\t\t\t\t<div class=\"vcex-image-grid-entry-img vcex-true \">\n\t\t\t\t\t\t\t\t\t\t\t\t\t\t\t\t\t<a href=\"https:\/\/www.enkaspor.com\/wp-content\/uploads\/2017\/11\/club_overview_cont7.jpg\" title=\"\" class=\"vcex-image-grid-entry-img gallery-lightbox\">\n\t\t\t\t\t\t\t\t\t\t<img loading=\"lazy\" decoding=\"async\" src=\"https:\/\/www.enkaspor.com\/wp-content\/uploads\/2017\/11\/club_overview_cont7.jpg\" alt=\"\" width=\"9999\" height=\"9999\" \/>\n\t\t\t\t\t\t\t\t\t<\/a><!-- .vcex-image-grid-entry-img -->\n\t\t\t\t\t\t\t\t\t\t\t\t\t\t\t<\/div>\n\t\t\t\t\t\t<\/figure>\n\t\t\t\t\t\t\n\t\t\t\t\t\t\n\t\t\t\t\t\t<figure class=\"vcex-image-grid-entry col span_1_of_2 col-4\">\n\t\t\t\t\t\t\t<div class=\"vcex-image-grid-entry-img vcex-true \">\n\t\t\t\t\t\t\t\t\t\t\t\t\t\t\t\t\t<a href=\"https:\/\/www.enkaspor.com\/wp-content\/uploads\/2017\/12\/EMR_5727.jpg\" title=\"\" class=\"vcex-image-grid-entry-img gallery-lightbox\">\n\t\t\t\t\t\t\t\t\t\t<img loading=\"lazy\" decoding=\"async\" src=\"https:\/\/www.enkaspor.com\/wp-content\/uploads\/2017\/12\/EMR_5727.jpg\" alt=\"\" width=\"9999\" height=\"9999\" \/>\n\t\t\t\t\t\t\t\t\t<\/a><!-- .vcex-image-grid-entry-img -->\n\t\t\t\t\t\t\t\t\t\t\t\t\t\t\t<\/div>\n\t\t\t\t\t\t<\/figure>\n\t\t\t\t\t\t\n\t\t\t\t\t\t\n\t\t\t\t<\/div>\n\t\t\t\n\t\t\t[vc_row][vc_column]<div class=\"ult-spacer spacer-69e8dfeb823a3\" data-id=\"69e8dfeb823a3\" data-height=\"30\" data-height-mobile=\"10\" data-height-tab=\"20\" data-height-tab-portrait=\"\" data-height-mobile-landscape=\"\" style=\"clear:both;display:block;\"><\/div><div id=\"ultimate-heading-688869e8dfeb823eb\" class=\"uvc-heading ult-adjust-bottom-margin ultimate-heading-688869e8dfeb823eb uvc-7832 \" data-hspacer=\"line_only\"  data-halign=\"left\" style=\"text-align:left\"><div class=\"uvc-sub-heading ult-responsive\"  data-ultimate-target='.uvc-heading.ultimate-heading-688869e8dfeb823eb .uvc-sub-heading '  data-responsive-json-new='{\"font-size\":\"desktop:30px;tablet:28px;tablet_portrait:26px;mobile_landscape:24px;mobile:22px;\",\"line-height\":\"desktop:50px;tablet:48px;tablet_portrait:46px;mobile_landscape:44px;mobile:42px;\"}'  style=\"font-weight:bold;color:#000000;\"><span style=\"color: #fe5252;\">PROTECTION<\/span>\u00a0OF PERSONAL\u00a0<span style=\"color: #fe5252;\">DATA<\/span><\/div><div class=\"uvc-heading-spacer line_only\" style=\"margin-top:10px;height:3px;\"><span class=\"uvc-headings-line\" style=\"border-style:solid;border-bottom-width:3px;border-color:#fe5252;width:100px;\"><\/span><\/div><\/div>[vc_row_inner][vc_column_inner width=&#8221;1\/3&#8243;][\/vc_column_inner][vc_column_inner width=&#8221;1\/3&#8243;]<div class=\"aio-icon-component    style_2\"><a class=\"aio-icon-box-link\" href=\"http:\/\/www.enkaspor.com\/wp-content\/uploads\/2018\/08\/ENKA_Vakfi_Basvuru_Formu.pdf\" target=\"_blank\" rel=\"noopener\" ><div id=\"Info-box-wrap-5995\" class=\"aio-icon-box square_box-icon\" style=\"border-style:solid;border-width:1px;\" data-min-height='100px' ><div class=\"aio-icon-square_box\"><div class=\"ult-just-icon-wrapper  \"><div class=\"align-icon\" style=\"text-align:center;\">\n<div class=\"aio-icon square \"  style=\"color:#ffffff;background:#fe5252;font-size:32px;display:inline-block;\">\n\t<i class=\"Defaults-file-pdf-o\"><\/i>\n<\/div><\/div><\/div><\/div><div class=\"aio-icon-header\" ><h3 class=\"aio-icon-title ult-responsive\"  data-ultimate-target='#Info-box-wrap-5995 .aio-icon-title'  data-responsive-json-new='{\"font-size\":\"\",\"line-height\":\"\"}'  style=\"\">ENKA Vakf\u0131 Ba\u015fvuru Formu<\/h3><\/div> <!-- header --><\/div> <!-- aio-icon-box --><\/a><\/div> <!-- aio-icon-component -->[\/vc_column_inner][vc_column_inner width=&#8221;1\/3&#8243;][\/vc_column_inner][\/vc_row_inner][vc_row_inner][vc_column_inner width=&#8221;1\/4&#8243;]<div class=\"aio-icon-component    style_2\"><a class=\"aio-icon-box-link\" href=\"http:\/\/www.enkaspor.com\/wp-content\/uploads\/2018\/08\/ENKA_Vakfi_Personel_Aydinlatma_Metni.pdf\" target=\"_blank\" rel=\"noopener\" ><div id=\"Info-box-wrap-9453\" class=\"aio-icon-box square_box-icon\" style=\"border-style:solid;border-width:1px;\" data-min-height='100px' ><div class=\"aio-icon-square_box\"><div class=\"ult-just-icon-wrapper  \"><div class=\"align-icon\" style=\"text-align:center;\">\n<div class=\"aio-icon square \"  style=\"color:#ffffff;background:#fe5252;font-size:32px;display:inline-block;\">\n\t<i class=\"Defaults-file-pdf-o\"><\/i>\n<\/div><\/div><\/div><\/div><div class=\"aio-icon-header\" ><h3 class=\"aio-icon-title ult-responsive\"  data-ultimate-target='#Info-box-wrap-9453 .aio-icon-title'  data-responsive-json-new='{\"font-size\":\"\",\"line-height\":\"\"}'  style=\"\">ENKA Vakf\u0131 Aday Personel Ayd\u0131nlatma Metni<\/h3><\/div> <!-- header --><\/div> <!-- aio-icon-box --><\/a><\/div> <!-- aio-icon-component -->[\/vc_column_inner][vc_column_inner width=&#8221;1\/4&#8243;]<div class=\"aio-icon-component    style_2\"><a class=\"aio-icon-box-link\" href=\"http:\/\/www.enkaspor.com\/wp-content\/uploads\/2018\/08\/ENKA_Vakfi_Bursiye_Aydinlatma_Bildirimi.pdf\" target=\"_blank\" rel=\"noopener\" ><div id=\"Info-box-wrap-6167\" class=\"aio-icon-box square_box-icon\" style=\"border-style:solid;border-width:1px;\" data-min-height='100px' ><div class=\"aio-icon-square_box\"><div class=\"ult-just-icon-wrapper  \"><div class=\"align-icon\" style=\"text-align:center;\">\n<div class=\"aio-icon square \"  style=\"color:#ffffff;background:#fe5252;font-size:32px;display:inline-block;\">\n\t<i class=\"Defaults-file-pdf-o\"><\/i>\n<\/div><\/div><\/div><\/div><div class=\"aio-icon-header\" ><h3 class=\"aio-icon-title ult-responsive\"  data-ultimate-target='#Info-box-wrap-6167 .aio-icon-title'  data-responsive-json-new='{\"font-size\":\"\",\"line-height\":\"\"}'  style=\"\">ENKA Vakf\u0131 Bursiye Ayd\u0131nlatma Bildirimi<\/h3><\/div> <!-- header --><\/div> <!-- aio-icon-box --><\/a><\/div> <!-- aio-icon-component -->[\/vc_column_inner][vc_column_inner width=&#8221;1\/4&#8243;]<div class=\"aio-icon-component    style_2\"><a class=\"aio-icon-box-link\" href=\"http:\/\/www.enkaspor.com\/wp-content\/uploads\/2018\/08\/ENKA_Vakfi_Personel_Aydinlatma_Metni.pdf\" target=\"_blank\" rel=\"noopener\" ><div id=\"Info-box-wrap-8855\" class=\"aio-icon-box square_box-icon\" style=\"border-style:solid;border-width:1px;\" data-min-height='100px' ><div class=\"aio-icon-square_box\"><div class=\"ult-just-icon-wrapper  \"><div class=\"align-icon\" style=\"text-align:center;\">\n<div class=\"aio-icon square \"  style=\"color:#ffffff;background:#fe5252;font-size:32px;display:inline-block;\">\n\t<i class=\"Defaults-file-pdf-o\"><\/i>\n<\/div><\/div><\/div><\/div><div class=\"aio-icon-header\" ><h3 class=\"aio-icon-title ult-responsive\"  data-ultimate-target='#Info-box-wrap-8855 .aio-icon-title'  data-responsive-json-new='{\"font-size\":\"\",\"line-height\":\"\"}'  style=\"\">ENKA Vakf\u0131 Personel Ayd\u0131nlatma Metni<\/h3><\/div> <!-- header --><\/div> <!-- aio-icon-box --><\/a><\/div> <!-- aio-icon-component -->[\/vc_column_inner][vc_column_inner width=&#8221;1\/4&#8243;]<div class=\"aio-icon-component    style_2\"><a class=\"aio-icon-box-link\" href=\"http:\/\/www.enkaspor.com\/wp-content\/uploads\/2018\/08\/ENKA_Vakfi_Ziyaretci_Ses_ve_Goruntu_Kayit_Bilgilendirme.pdf\" target=\"_blank\" rel=\"noopener\" ><div id=\"Info-box-wrap-3978\" class=\"aio-icon-box square_box-icon\" style=\"border-style:solid;border-width:1px;\" data-min-height='100px' ><div class=\"aio-icon-square_box\"><div class=\"ult-just-icon-wrapper  \"><div class=\"align-icon\" style=\"text-align:center;\">\n<div class=\"aio-icon square \"  style=\"color:#ffffff;background:#fe5252;font-size:32px;display:inline-block;\">\n\t<i class=\"Defaults-file-pdf-o\"><\/i>\n<\/div><\/div><\/div><\/div><div class=\"aio-icon-header\" ><h3 class=\"aio-icon-title ult-responsive\"  data-ultimate-target='#Info-box-wrap-3978 .aio-icon-title'  data-responsive-json-new='{\"font-size\":\"\",\"line-height\":\"\"}'  style=\"\">ENKA Vakf\u0131 Ziyaret\u00e7i Ses ve G\u00f6r\u00fcnt\u00fc Kay\u0131t Bilgilendirme<\/h3><\/div> <!-- header --><\/div> <!-- aio-icon-box --><\/a><\/div> <!-- aio-icon-component -->[\/vc_column_inner][\/vc_row_inner][\/vc_column][\/vc_row][vc_row padding_top=&#8221;80px&#8221; padding_bottom=&#8221;60px&#8221; bg_type=&#8221;image&#8221; bg_override=&#8221;full&#8221; enable_overlay=&#8221;enable_overlay_value&#8221; overlay_color=&#8221;rgba(255,255,255,0.8)&#8221; overlay_pattern=&#8221;transperant&#8221; overlay_pattern_opacity=&#8221;80&#8243; overlay_pattern_attachment=&#8221;fixed&#8221; seperator_enable=&#8221;seperator_enable_value&#8221; seperator_type=&#8221;clouds_seperator&#8221; seperator_position=&#8221;top_bottom_seperator&#8221; seperator_svg_height=&#8221;80&#8243; seperator_shape_background=&#8221;#f5f5f5&#8243;][vc_column]<div id=\"ultimate-heading-986969e8dfeb82709\" class=\"uvc-heading ult-adjust-bottom-margin ultimate-heading-986969e8dfeb82709 uvc-2434 \" data-hspacer=\"line_only\"  data-halign=\"left\" style=\"text-align:left\"><div class=\"uvc-main-heading ult-responsive\"  data-ultimate-target='.uvc-heading.ultimate-heading-986969e8dfeb82709 h2'  data-responsive-json-new='{\"font-size\":\"desktop:20px;\",\"line-height\":\"desktop:20px;\"}' ><h2 style=\"font-weight:normal;color:#000000;\">LET'S SEE<\/h2><\/div><div class=\"uvc-sub-heading ult-responsive\"  data-ultimate-target='.uvc-heading.ultimate-heading-986969e8dfeb82709 .uvc-sub-heading '  data-responsive-json-new='{\"font-size\":\"desktop:45px;tablet_portrait:35px;mobile_landscape:35px;mobile:35px;\",\"line-height\":\"desktop:45px;tablet_portrait:35px;mobile_landscape:35px;mobile:35px;\"}'  style=\"font-weight:bold;color:#000000;\">Sub\u00a0<span style=\"color: #fe5252;\">Menus<\/span><\/div><div class=\"uvc-heading-spacer line_only\" style=\"margin-top:10px;margin-bottom:40px;height:3px;\"><span class=\"uvc-headings-line\" style=\"border-style:solid;border-bottom-width:3px;border-color:#fe5252;width:100px;\"><\/span><\/div><\/div>[vc_basic_grid post_type=&#8221;page&#8221; max_items=&#8221;10&#8243; gap=&#8221;15&#8243; order=&#8221;ASC&#8221; item=&#8221;4032&#8243; grid_id=&#8221;vc_gid:1533901500782-5b22e540-8cad-6&#8243; taxonomies=&#8221;2437&#8243; exclude=&#8221;17244&#8243;][\/vc_column][\/vc_row]<\/p>\n<\/div>","protected":false},"excerpt":{"rendered":"<p>[vc_row][vc_column][\/vc_column][\/vc_row][vc_row padding_top=&#8221;30px&#8221; bg_type=&#8221;bg_color&#8221; bg_color_value=&#8221;#f5f5f5&#8243;][vc_column][\/vc_column][\/vc_row][vc_row padding_top=&#8221;30px&#8221; bg_type=&#8221;bg_color&#8221; bg_color_value=&#8221;#f5f5f5&#8243;][vc_column][vc_column_text]The ENKA Foundation was established in 1983 to uphold and advance the company\u2019s core philosophy and cultural values: to advance the intellectual, physical, and spiritual development of human civilization. To foster this ambitious aim, the Sadi G\u00fcl\u00e7elik Sports Complex was established that same year on the green slopes of \u0130stinye, providing enrichment programs that would introduce Turkish youth to&#8230;<\/p>\n","protected":false},"author":2,"featured_media":17257,"parent":17244,"menu_order":0,"comment_status":"closed","ping_status":"closed","template":"","meta":{"_acf_changed":false,"footnotes":""},"class_list":["post-17250","page","type-page","status-publish","has-post-thumbnail","hentry","custom-post-type-entry"],"aioseo_notices":[],"acf":[],"_links":{"self":[{"href":"https:\/\/www.enkaspor.com\/en\/wp-json\/wp\/v2\/pages\/17250","targetHints":{"allow":["GET"]}}],"collection":[{"href":"https:\/\/www.enkaspor.com\/en\/wp-json\/wp\/v2\/pages"}],"about":[{"href":"https:\/\/www.enkaspor.com\/en\/wp-json\/wp\/v2\/types\/page"}],"author":[{"embeddable":true,"href":"https:\/\/www.enkaspor.com\/en\/wp-json\/wp\/v2\/users\/2"}],"replies":[{"embeddable":true,"href":"https:\/\/www.enkaspor.com\/en\/wp-json\/wp\/v2\/comments?post=17250"}],"version-history":[{"count":1,"href":"https:\/\/www.enkaspor.com\/en\/wp-json\/wp\/v2\/pages\/17250\/revisions"}],"predecessor-version":[{"id":40555,"href":"https:\/\/www.enkaspor.com\/en\/wp-json\/wp\/v2\/pages\/17250\/revisions\/40555"}],"up":[{"embeddable":true,"href":"https:\/\/www.enkaspor.com\/en\/wp-json\/wp\/v2\/pages\/17244"}],"wp:featuredmedia":[{"embeddable":true,"href":"https:\/\/www.enkaspor.com\/en\/wp-json\/wp\/v2\/media\/17257"}],"wp:attachment":[{"href":"https:\/\/www.enkaspor.com\/en\/wp-json\/wp\/v2\/media?parent=17250"}],"curies":[{"name":"wp","href":"https:\/\/api.w.org\/{rel}","templated":true}]}}