{"id":17321,"date":"2017-10-20T17:20:18","date_gmt":"2017-10-20T14:20:18","guid":{"rendered":"http:\/\/www.enka.com\/spor\/?page_id=17321"},"modified":"2026-04-16T15:17:53","modified_gmt":"2026-04-16T12:17:53","slug":"administrative-board","status":"publish","type":"page","link":"https:\/\/www.enkaspor.com\/en\/about-us\/administrative-board\/","title":{"rendered":"ADMINISTRATIVE BOARD"},"content":{"rendered":"<div class=\"wpb-content-wrapper\"><p>[vc_row][vc_column width=&#8221;1\/6&#8243;][\/vc_column][vc_column width=&#8221;2\/3&#8243;]<div id=\"ultimate-heading-257769e8dfed8d764\" class=\"uvc-heading ult-adjust-bottom-margin ultimate-heading-257769e8dfed8d764 uvc-1200 \" data-hspacer=\"line_with_icon\" data-hline_width=\"auto\" data-hicon_type=\"custom\" data-hborder_style=\"solid\" data-hborder_height=\"3\" data-hborder_color=\"#fe5252\" data-icon_width=\"100\" data-hfixer=\"30\"  data-halign=\"center\" style=\"text-align:center\"><div class=\"uvc-heading-spacer line_with_icon\" style=\"top\"><div class=\"ult-just-icon-wrapper  \"><div class=\"align-icon\" style=\"text-align:center;\">\n<div class=\"aio-icon-img \" style=\"font-size:100px;display:inline-block;\" >\n\t<img decoding=\"async\" class=\"img-icon\" alt=\"null\" src=\"https:\/\/www.enkaspor.com\/wp-content\/uploads\/2017\/11\/Enka-Spor-Logo_Blue.png\"\/>\n<\/div><\/div><\/div><\/div><\/div><div class=\"ult-spacer spacer-69e8dfed8d7af\" data-id=\"69e8dfed8d7af\" data-height=\"24\" data-height-mobile=\"10\" data-height-tab=\"20\" data-height-tab-portrait=\"\" data-height-mobile-landscape=\"\" style=\"clear:both;display:block;\"><\/div>[\/vc_column][vc_column width=&#8221;1\/6&#8243;][\/vc_column][\/vc_row][vc_row gap=&#8221;30&#8243; padding_top=&#8221;40px&#8221; padding_bottom=&#8221;0px&#8221; padding_left=&#8221;10px&#8221; padding_right=&#8221;10px&#8221; bg_type=&#8221;bg_color&#8221; bg_color_value=&#8221;rgba(248,248,248,0.8)&#8221;][vc_column padding_right=&#8221;10px&#8221;]<div id=\"ultimate-heading-942469e8dfed8d7fd\" class=\"uvc-heading ult-adjust-bottom-margin ultimate-heading-942469e8dfed8d7fd uvc-8307 \" data-hspacer=\"line_only\"  data-halign=\"left\" style=\"text-align:left\"><div class=\"uvc-sub-heading ult-responsive\"  data-ultimate-target='.uvc-heading.ultimate-heading-942469e8dfed8d7fd .uvc-sub-heading '  data-responsive-json-new='{\"font-size\":\"desktop:50px;tablet:48px;tablet_portrait:46px;mobile_landscape:44px;mobile:42px;\",\"line-height\":\"desktop:50px;tablet:48px;tablet_portrait:46px;mobile_landscape:44px;mobile:42px;\"}'  style=\"font-weight:bold;color:#000000;\"><span style=\"color: #fe5252;\"><strong><span style=\"color: #fe5252;\">ADMINISTRATIVE<\/span>\u00a0<\/strong><\/span><strong>BOARD<\/strong><\/div><div class=\"uvc-heading-spacer line_only\" style=\"margin-top:10px;height:3px;\"><span class=\"uvc-headings-line\" style=\"border-style:solid;border-bottom-width:3px;border-color:#000000;width:100px;\"><\/span><\/div><\/div><div class=\"ult-spacer spacer-69e8dfed8d83e\" data-id=\"69e8dfed8d83e\" data-height=\"30\" data-height-mobile=\"30\" data-height-tab=\"30\" data-height-tab-portrait=\"\" data-height-mobile-landscape=\"\" style=\"clear:both;display:block;\"><\/div>[vc_row_inner][vc_column_inner][vc_column_text]<\/p>\n<div class=\"uvc-main-heading ult-responsive\" data-ultimate-target=\".uvc-heading.ultimate-heading-698364588d103c24c h2\" data-responsive-json-new=\"{&quot;font-size&quot;:&quot;&quot;,&quot;line-height&quot;:&quot;&quot;}\">\n<table style=\"border-collapse: collapse; width: 100%;\">\n<tbody>\n<tr>\n<td style=\"width: 100%;\">\n<div class=\"uvc-main-heading ult-responsive\" data-ultimate-target=\".uvc-heading.ultimate-heading-698364588d103c24c h2\" data-responsive-json-new=\"{&quot;font-size&quot;:&quot;&quot;,&quot;line-height&quot;:&quot;&quot;}\">\n<h3 style=\"text-align: center;\"><span style=\"font-size: 14pt;\">Mehmet Sinan TARA<\/span><\/h3>\n<\/div>\n<div class=\"uvc-sub-heading ult-responsive\" style=\"text-align: center;\" data-ultimate-target=\".uvc-heading.ultimate-heading-698364588d103c24c .uvc-sub-heading \" data-responsive-json-new=\"{&quot;font-size&quot;:&quot;desktop:18px;&quot;,&quot;line-height&quot;:&quot;&quot;}\">Chairman<\/div>\n<\/td>\n<\/tr>\n<\/tbody>\n<\/table>\n<\/div>\n<div class=\"uvc-sub-heading ult-responsive\" style=\"text-align: center;\" data-ultimate-target=\".uvc-heading.ultimate-heading-698364588d103c24c .uvc-sub-heading \" data-responsive-json-new=\"{&quot;font-size&quot;:&quot;desktop:18px;&quot;,&quot;line-height&quot;:&quot;&quot;}\"><\/div>\n<p>[\/vc_column_text][\/vc_column_inner][\/vc_row_inner]<div class=\"ult-spacer spacer-69e8dfed8d861\" data-id=\"69e8dfed8d861\" data-height=\"30\" data-height-mobile=\"30\" data-height-tab=\"30\" data-height-tab-portrait=\"\" data-height-mobile-landscape=\"\" style=\"clear:both;display:block;\"><\/div>[vc_row_inner][vc_column_inner][vc_column_text]<\/p>\n<table style=\"border-collapse: collapse; width: 100%;\">\n<tbody>\n<tr>\n<td style=\"width: 33.3333%;\">\n<div class=\"uvc-main-heading ult-responsive\" data-ultimate-target=\".uvc-heading.ultimate-heading-698364588d103c24c h2\" data-responsive-json-new=\"{&quot;font-size&quot;:&quot;&quot;,&quot;line-height&quot;:&quot;&quot;}\">\n<h3 style=\"text-align: center;\">Ali G\u00dcL\u00c7EL\u0130K<\/h3>\n<\/div>\n<div class=\"uvc-sub-heading ult-responsive\" style=\"text-align: center;\" data-ultimate-target=\".uvc-heading.ultimate-heading-698364588d103c24c .uvc-sub-heading \" data-responsive-json-new=\"{&quot;font-size&quot;:&quot;desktop:18px;&quot;,&quot;line-height&quot;:&quot;&quot;}\">Vice President<\/div>\n<\/td>\n<td style=\"width: 33.3333%; text-align: center;\">\n<div class=\"uvc-main-heading ult-responsive\" data-ultimate-target=\".uvc-heading.ultimate-heading-698364588d103c24c h2\" data-responsive-json-new=\"{&quot;font-size&quot;:&quot;&quot;,&quot;line-height&quot;:&quot;&quot;}\">\n<h3>Agah Mehmet TARA<\/h3>\n<\/div>\n<div class=\"uvc-sub-heading ult-responsive\" data-ultimate-target=\".uvc-heading.ultimate-heading-698364588d103c24c .uvc-sub-heading \" data-responsive-json-new=\"{&quot;font-size&quot;:&quot;desktop:18px;&quot;,&quot;line-height&quot;:&quot;&quot;}\">Member<\/div>\n<\/td>\n<\/tr>\n<\/tbody>\n<\/table>\n<p>[\/vc_column_text][\/vc_column_inner][\/vc_row_inner]<div class=\"ult-spacer spacer-69e8dfed8d88b\" data-id=\"69e8dfed8d88b\" data-height=\"30\" data-height-mobile=\"30\" data-height-tab=\"30\" data-height-tab-portrait=\"\" data-height-mobile-landscape=\"\" style=\"clear:both;display:block;\"><\/div>[vc_row_inner][vc_column_inner][vc_column_text]<\/p>\n<table style=\"border-collapse: collapse; width: 100%;\">\n<tbody>\n<tr>\n<td style=\"width: 33.3333%;\">\n<div class=\"uvc-main-heading ult-responsive\" data-ultimate-target=\".uvc-heading.ultimate-heading-698364588d103c24c h2\" data-responsive-json-new=\"{&quot;font-size&quot;:&quot;&quot;,&quot;line-height&quot;:&quot;&quot;}\">\n<div class=\"uvc-main-heading ult-responsive\" data-ultimate-target=\".uvc-heading.ultimate-heading-698364588d103c24c h2\" data-responsive-json-new=\"{&quot;font-size&quot;:&quot;&quot;,&quot;line-height&quot;:&quot;&quot;}\">\n<h3 style=\"text-align: center;\">Alparslan TANSU\u011e<\/h3>\n<\/div>\n<div class=\"uvc-sub-heading ult-responsive\" style=\"text-align: center;\" data-ultimate-target=\".uvc-heading.ultimate-heading-698364588d103c24c .uvc-sub-heading \" data-responsive-json-new=\"{&quot;font-size&quot;:&quot;desktop:18px;&quot;,&quot;line-height&quot;:&quot;&quot;}\">Member<\/div>\n<\/div>\n<\/td>\n<td style=\"width: 33.3333%; text-align: center;\">\n<div class=\"uvc-main-heading ult-responsive\" data-ultimate-target=\".uvc-heading.ultimate-heading-698364588d103c24c h2\" data-responsive-json-new=\"{&quot;font-size&quot;:&quot;&quot;,&quot;line-height&quot;:&quot;&quot;}\">\n<div class=\"uvc-main-heading ult-responsive\" data-ultimate-target=\".uvc-heading.ultimate-heading-698364588d103c24c h2\" data-responsive-json-new=\"{&quot;font-size&quot;:&quot;&quot;,&quot;line-height&quot;:&quot;&quot;}\">\n<h3>Mehmet \u015e\u00fckr\u00fc \u0130LKEL<\/h3>\n<\/div>\n<div class=\"uvc-sub-heading ult-responsive\" data-ultimate-target=\".uvc-heading.ultimate-heading-698364588d103c24c .uvc-sub-heading \" data-responsive-json-new=\"{&quot;font-size&quot;:&quot;desktop:18px;&quot;,&quot;line-height&quot;:&quot;&quot;}\">Member<\/div>\n<\/div>\n<\/td>\n<\/tr>\n<\/tbody>\n<\/table>\n<p>[\/vc_column_text][\/vc_column_inner][\/vc_row_inner]<div class=\"ult-spacer spacer-69e8dfed8d8ab\" data-id=\"69e8dfed8d8ab\" data-height=\"30\" data-height-mobile=\"30\" data-height-tab=\"30\" data-height-tab-portrait=\"\" data-height-mobile-landscape=\"\" style=\"clear:both;display:block;\"><\/div>[\/vc_column][\/vc_row][vc_row padding_top=&#8221;80px&#8221; padding_bottom=&#8221;60px&#8221; bg_type=&#8221;image&#8221; bg_override=&#8221;full&#8221; enable_overlay=&#8221;enable_overlay_value&#8221; overlay_color=&#8221;rgba(255,255,255,0.8)&#8221; overlay_pattern=&#8221;transperant&#8221; overlay_pattern_opacity=&#8221;80&#8243; overlay_pattern_attachment=&#8221;fixed&#8221; seperator_enable=&#8221;seperator_enable_value&#8221; seperator_type=&#8221;clouds_seperator&#8221; seperator_position=&#8221;top_bottom_seperator&#8221; seperator_svg_height=&#8221;80&#8243; seperator_shape_background=&#8221;#f5f5f5&#8243;][vc_column]<div id=\"ultimate-heading-634869e8dfed8d8e1\" class=\"uvc-heading ult-adjust-bottom-margin ultimate-heading-634869e8dfed8d8e1 uvc-8581 \" data-hspacer=\"line_only\"  data-halign=\"left\" style=\"text-align:left\"><div class=\"uvc-main-heading ult-responsive\"  data-ultimate-target='.uvc-heading.ultimate-heading-634869e8dfed8d8e1 h2'  data-responsive-json-new='{\"font-size\":\"desktop:20px;\",\"line-height\":\"desktop:20px;\"}' ><h2 style=\"font-weight:normal;color:#000000;\">LET'S SEE<\/h2><\/div><div class=\"uvc-sub-heading ult-responsive\"  data-ultimate-target='.uvc-heading.ultimate-heading-634869e8dfed8d8e1 .uvc-sub-heading '  data-responsive-json-new='{\"font-size\":\"desktop:45px;tablet_portrait:35px;mobile_landscape:35px;mobile:35px;\",\"line-height\":\"desktop:45px;tablet_portrait:35px;mobile_landscape:35px;mobile:35px;\"}'  style=\"font-weight:bold;color:#000000;\">Sub<span style=\"color: #fe5252;\"> Menus<\/span><\/div><div class=\"uvc-heading-spacer line_only\" style=\"margin-top:10px;margin-bottom:40px;height:3px;\"><span class=\"uvc-headings-line\" style=\"border-style:solid;border-bottom-width:3px;border-color:#fe5252;width:100px;\"><\/span><\/div><\/div>[vc_basic_grid post_type=&#8221;page&#8221; max_items=&#8221;10&#8243; element_width=&#8221;3&#8243; gap=&#8221;15&#8243; order=&#8221;ASC&#8221; item=&#8221;4032&#8243; grid_id=&#8221;vc_gid:1776341743845-42251ec7-c8d1-7&#8243; taxonomies=&#8221;2437&#8243; exclude=&#8221;17248&#8243;][\/vc_column][\/vc_row]<\/p>\n<\/div>","protected":false},"excerpt":{"rendered":"<p>[vc_row][vc_column width=&#8221;1\/6&#8243;][\/vc_column][vc_column width=&#8221;2\/3&#8243;][\/vc_column][vc_column width=&#8221;1\/6&#8243;][\/vc_column][\/vc_row][vc_row gap=&#8221;30&#8243; padding_top=&#8221;40px&#8221; padding_bottom=&#8221;0px&#8221; padding_left=&#8221;10px&#8221; padding_right=&#8221;10px&#8221; bg_type=&#8221;bg_color&#8221; bg_color_value=&#8221;rgba(248,248,248,0.8)&#8221;][vc_column padding_right=&#8221;10px&#8221;][vc_row_inner][vc_column_inner][vc_column_text] Mehmet Sinan TARA Chairman [\/vc_column_text][\/vc_column_inner][\/vc_row_inner][vc_row_inner][vc_column_inner][vc_column_text] Ali G\u00dcL\u00c7EL\u0130K Vice President Agah Mehmet TARA Member [\/vc_column_text][\/vc_column_inner][\/vc_row_inner][vc_row_inner][vc_column_inner][vc_column_text] Alparslan TANSU\u011e Member Mehmet \u015e\u00fckr\u00fc \u0130LKEL Member [\/vc_column_text][\/vc_column_inner][\/vc_row_inner][\/vc_column][\/vc_row][vc_row padding_top=&#8221;80px&#8221; padding_bottom=&#8221;60px&#8221; bg_type=&#8221;image&#8221; bg_override=&#8221;full&#8221; enable_overlay=&#8221;enable_overlay_value&#8221; overlay_color=&#8221;rgba(255,255,255,0.8)&#8221; overlay_pattern=&#8221;transperant&#8221; overlay_pattern_opacity=&#8221;80&#8243; overlay_pattern_attachment=&#8221;fixed&#8221; seperator_enable=&#8221;seperator_enable_value&#8221; seperator_type=&#8221;clouds_seperator&#8221; seperator_position=&#8221;top_bottom_seperator&#8221; seperator_svg_height=&#8221;80&#8243; seperator_shape_background=&#8221;#f5f5f5&#8243;][vc_column][vc_basic_grid post_type=&#8221;page&#8221; max_items=&#8221;10&#8243; element_width=&#8221;3&#8243; gap=&#8221;15&#8243; order=&#8221;ASC&#8221; item=&#8221;4032&#8243; grid_id=&#8221;vc_gid:1776341743845-42251ec7-c8d1-7&#8243; taxonomies=&#8221;2437&#8243; exclude=&#8221;17248&#8243;][\/vc_column][\/vc_row]<\/p>\n","protected":false},"author":2,"featured_media":17327,"parent":17244,"menu_order":0,"comment_status":"closed","ping_status":"closed","template":"","meta":{"_acf_changed":false,"footnotes":""},"class_list":["post-17321","page","type-page","status-publish","has-post-thumbnail","hentry","custom-post-type-entry"],"aioseo_notices":[],"acf":[],"_links":{"self":[{"href":"https:\/\/www.enkaspor.com\/en\/wp-json\/wp\/v2\/pages\/17321","targetHints":{"allow":["GET"]}}],"collection":[{"href":"https:\/\/www.enkaspor.com\/en\/wp-json\/wp\/v2\/pages"}],"about":[{"href":"https:\/\/www.enkaspor.com\/en\/wp-json\/wp\/v2\/types\/page"}],"author":[{"embeddable":true,"href":"https:\/\/www.enkaspor.com\/en\/wp-json\/wp\/v2\/users\/2"}],"replies":[{"embeddable":true,"href":"https:\/\/www.enkaspor.com\/en\/wp-json\/wp\/v2\/comments?post=17321"}],"version-history":[{"count":3,"href":"https:\/\/www.enkaspor.com\/en\/wp-json\/wp\/v2\/pages\/17321\/revisions"}],"predecessor-version":[{"id":41268,"href":"https:\/\/www.enkaspor.com\/en\/wp-json\/wp\/v2\/pages\/17321\/revisions\/41268"}],"up":[{"embeddable":true,"href":"https:\/\/www.enkaspor.com\/en\/wp-json\/wp\/v2\/pages\/17244"}],"wp:featuredmedia":[{"embeddable":true,"href":"https:\/\/www.enkaspor.com\/en\/wp-json\/wp\/v2\/media\/17327"}],"wp:attachment":[{"href":"https:\/\/www.enkaspor.com\/en\/wp-json\/wp\/v2\/media?parent=17321"}],"curies":[{"name":"wp","href":"https:\/\/api.w.org\/{rel}","templated":true}]}}