{"id":17438,"date":"2017-10-20T18:21:13","date_gmt":"2017-10-20T15:21:13","guid":{"rendered":"http:\/\/www.enka.com\/spor\/?page_id=17438"},"modified":"2025-10-02T14:40:32","modified_gmt":"2025-10-02T11:40:32","slug":"tennis","status":"publish","type":"page","link":"https:\/\/www.enkaspor.com\/en\/branches\/tennis\/","title":{"rendered":"TENNIS"},"content":{"rendered":"<div class=\"wpb-content-wrapper\"><p>[vc_row][vc_column width=&#8221;1\/6&#8243;][\/vc_column][vc_column width=&#8221;2\/3&#8243;]<div id=\"ultimate-heading-406969e0e7f13dd65\" class=\"uvc-heading ult-adjust-bottom-margin ultimate-heading-406969e0e7f13dd65 uvc-2556 \" data-hspacer=\"line_with_icon\" data-hline_width=\"auto\" data-hicon_type=\"custom\" data-hborder_style=\"solid\" data-hborder_height=\"3\" data-hborder_color=\"#fe5252\" data-icon_width=\"100\" data-hfixer=\"30\"  data-halign=\"center\" style=\"text-align:center\"><div class=\"uvc-heading-spacer line_with_icon\" style=\"top\"><div class=\"ult-just-icon-wrapper  \"><div class=\"align-icon\" style=\"text-align:center;\">\n<div class=\"aio-icon-img \" style=\"font-size:100px;display:inline-block;\" >\n\t<img decoding=\"async\" class=\"img-icon\" alt=\"null\" src=\"https:\/\/www.enkaspor.com\/wp-content\/uploads\/2017\/11\/Enka-Spor-Logo_Blue.png\"\/>\n<\/div><\/div><\/div><\/div><\/div><div class=\"ult-spacer spacer-69e0e7f13ddb1\" data-id=\"69e0e7f13ddb1\" data-height=\"24\" data-height-mobile=\"24\" data-height-tab=\"24\" data-height-tab-portrait=\"\" data-height-mobile-landscape=\"\" style=\"clear:both;display:block;\"><\/div>[\/vc_column][vc_column width=&#8221;1\/6&#8243;][\/vc_column][\/vc_row][vc_row padding_top=&#8221;30px&#8221; bg_type=&#8221;bg_color&#8221; bg_color_value=&#8221;#f5f5f5&#8243;][vc_column]<div id=\"ultimate-heading-856569e0e7f13ddee\" class=\"uvc-heading ult-adjust-bottom-margin ultimate-heading-856569e0e7f13ddee uvc-5036 \" data-hspacer=\"line_only\"  data-halign=\"left\" style=\"text-align:left\"><div class=\"uvc-sub-heading ult-responsive\"  data-ultimate-target='.uvc-heading.ultimate-heading-856569e0e7f13ddee .uvc-sub-heading '  data-responsive-json-new='{\"font-size\":\"desktop:50px;tablet:48px;tablet_portrait:46px;mobile_landscape:44px;mobile:42px;\",\"line-height\":\"desktop:50px;tablet:48px;tablet_portrait:46px;mobile_landscape:44px;mobile:42px;\"}'  style=\"font-weight:bold;color:#000000;\">TENNIS<\/div><div class=\"uvc-heading-spacer line_only\" style=\"margin-top:10px;height:3px;\"><span class=\"uvc-headings-line\" style=\"border-style:solid;border-bottom-width:3px;border-color:#fe5252;width:100px;\"><\/span><\/div><\/div><div class=\"ult-spacer spacer-69e0e7f13de1e\" data-id=\"69e0e7f13de1e\" data-height=\"24\" data-height-mobile=\"24\" data-height-tab=\"24\" data-height-tab-portrait=\"\" data-height-mobile-landscape=\"\" style=\"clear:both;display:block;\"><\/div>[\/vc_column][\/vc_row][vc_row padding_top=&#8221;30px&#8221; bg_type=&#8221;bg_color&#8221; bg_color_value=&#8221;#f5f5f5&#8243;][vc_column][vc_custom_heading text=&#8221;<strong>In 2021<\/strong>&#8221; google_fonts=&#8221;font_family:Roboto%20Condensed%3A300%2C300italic%2Cregular%2Citalic%2C700%2C700italic|font_style:400%20regular%3A400%3Anormal&#8221;][vc_column_text]<\/p>\n<p style=\"text-align: justify;\"><span style=\"font-family: 'Roboto Condensed';\">ENKA Sports has 384 active tennis players of whom 175 have active licences and 106 are in the training stage. In the 2021 Season, 10 of our athletes played for the Turkish National Teams in the Age 12, 14, 16, 18 and Senior categories.<\/span><\/p>\n<p>[\/vc_column_text][\/vc_column][\/vc_row][vc_row padding_top=&#8221;30px&#8221; bg_type=&#8221;bg_color&#8221; bg_color_value=&#8221;#f5f5f5&#8243;][vc_column][vc_custom_heading text=&#8221;<strong>International Great Organizations during the season of 2021:<\/strong>&#8221; google_fonts=&#8221;font_family:Roboto%20Condensed%3A300%2C300italic%2Cregular%2Citalic%2C700%2C700italic|font_style:400%20regular%3A400%3Anormal&#8221;][\/vc_column][\/vc_row][vc_row padding_top=&#8221;30px&#8221; bg_type=&#8221;bg_color&#8221; bg_color_value=&#8221;#f5f5f5&#8243;][vc_column][vc_column_text]<span style=\"font-family: 'Roboto Condensed';\"><strong>At the Davis Cup;<\/strong><\/span><\/p>\n<p><span style=\"font-family: 'Roboto Condensed';\">Turkey competed against Latvia in the Davis Cup World Series II, the national team-level competition in Men\u2019s Tennis, hosted by our Club on 18-19 September.<\/span><\/p>\n<p><span style=\"font-family: 'Roboto Condensed';\">In the first singles match of the series, Altu\u011f \u00c7elikbilek defeated Robert Strombachs 7-6 and 6-4, giving our national team a 1-0 lead.<\/span><\/p>\n<p><span style=\"font-family: 'Roboto Condensed';\">In the second singles match of the series, our player Cem \u0130lkel won 6-4 and 6-1 against former World Number 10 Ernests Gulbis,\u00a0 bringing the score to 2-0 in the Turkey-Latvia series.<\/span><\/p>\n<p><span style=\"font-family: 'Roboto Condensed';\">In the critical doubles match, Altu\u011f and Cem took the court against Ernests Gulbis and Robert Strombachs. After losing the first set 2-6, the duo won the second and third sets 6-3 and 6-4 and Turkey won the series against Latvia 3-0.<\/span><\/p>\n<p><span style=\"font-family: 'Roboto Condensed';\">After Turkish National tennis player Ergi K\u0131rk\u0131n won the singles match, Turkey defeated Latvia 4-0.<\/span><\/p>\n<p><span style=\"font-family: 'Roboto Condensed';\">With this victory, Turkey succeeded in qualifying for the Davis Cup World Cup I play-offs for the second time. Our athletes Cem \u0130lkel, Altu\u011f \u00c7elikbilek and Yank\u0131 Erel participated in the Davis Cup tournament.<\/span><\/p>\n<p>&nbsp;<\/p>\n<p><span style=\"font-family: 'Roboto Condensed';\"><strong>ATP &amp; WTA TOURNAMENTS;<\/strong><\/span><\/p>\n<p><span style=\"font-family: 'Roboto Condensed';\">Cem \u0130lkel played in the Main Draw at the US Open tournament for the first time in his career.<\/span><\/p>\n<p><span style=\"font-family: 'Roboto Condensed';\">Altu\u011f \u00c7elikbilek and Cem \u0130lkel won two championships and played three finals at the ATP Challenger tournaments.<\/span><\/p>\n<p>&nbsp;<\/p>\n<p><span style=\"font-family: 'Roboto Condensed';\"><strong>ITF WOMENS &amp; MENS TOURNAMENTS;<\/strong><\/span><\/p>\n<p><span style=\"font-family: 'Roboto Condensed';\">In the W60-W25-W15-M15 tournaments organised by the ITF, \u0130pek \u00d6z, \u00c7a\u011fla B\u00fcy\u00fckak\u00e7ay, Tuna Altuna, Ayla Aksu, Ba\u015fak Erayd\u0131n, Melis Ayda Uyar, Yank\u0131 Erel, Umut Kaan Yenilmez, Zeynep S\u00f6nmez, Mert Alkaya, Berk \u0130lkel and Umut Akkoyun won 7 championships and played 9 finals in the singles and doubles categories.<\/span><\/p>\n<p>&nbsp;<\/p>\n<p><span style=\"font-family: 'Roboto Condensed';\"><strong>ITF JUNIOR TOURNAMENTS;<\/strong><\/span><\/p>\n<p><span style=\"font-family: 'Roboto Condensed';\">In the Junior 1-2-3-4-5 category tournaments held by the ITF, Melisa Ercan, \u00d6zlem Uslu, Leyla Nil\u00fcfer Elmas, Melis Ayda Uyar, Birtan Duran, \u00d6zlem Uslu, Fatih Sar\u0131, Umut Kaan Yenilmez and S\u00fcleyman Deniz G\u00fcrsoy won 9 championships and played 15 finals in the doubles and singles.<\/span><\/p>\n<p>&nbsp;<\/p>\n<p><span style=\"font-family: 'Roboto Condensed';\"><strong>TENNIS EUROPE TOURNAMENTS<\/strong><\/span><\/p>\n<p><span style=\"font-family: 'Roboto Condensed';\">Lila Bodur, Kerem Y\u0131lmaz, Deniz Turna, \u0130rem Kurt and Ali Sadi Tu\u011f won12 Championships and played 7 finals in the U12-U14 and U16 tournaments organised by Tennis Europe.<\/span>[\/vc_column_text][\/vc_column][\/vc_row][vc_row padding_top=&#8221;30px&#8221; bg_type=&#8221;bg_color&#8221; bg_color_value=&#8221;#f5f5f5&#8243;][vc_column width=&#8221;2\/3&#8243;][vc_column_text]<span style=\"font-family: 'Roboto Condensed';\"><strong>In National Tournaments in the 2021 Season<\/strong><\/span><\/p>\n<p><span style=\"font-family: 'Roboto Condensed';\">At the Senior Turkey Tennis Championship held in Antalya on 08-14 November:<\/span><\/p>\n<p>&nbsp;<\/p>\n<p><span style=\"font-family: 'Roboto Condensed';\">* The women\u2019s singles and doubles finals were played between athletes from our club;<\/span><\/p>\n<p><span style=\"font-family: 'Roboto Condensed';\">&#8211; In the singles category, Ayla Aksu became the Turkish champion for the second time, defeating Ba\u015fak Erayd\u0131n 6-3 and 7-5,<\/span><\/p>\n<p><span style=\"font-family: 'Roboto Condensed';\">&#8211; In the doubles category, Ayla Aksu and Melis Sezer beat Melis Ayda Uyar and Ba\u015fak Erayd\u0131n 5-7, 7-5 and 10-7 to become the Turkish champions.<\/span><\/p>\n<p>&nbsp;<\/p>\n<p><span style=\"font-family: 'Roboto Condensed';\">*We had one finalist in the men\u2019s singles while the doubles final was contended between ENKA players;<\/span><\/p>\n<p><span style=\"font-family: 'Roboto Condensed';\">&#8211; Our player Sarp Agabig\u00fcn defeated Koray K\u0131rc\u0131 from TED Sports Club 1-6, 6-2 and 6-4 in the singles final to \u00a0become the Turkish champion.<\/span><\/p>\n<p style=\"text-align: justify;\"><span style=\"font-family: 'Roboto Condensed';\">&#8211; In the doubles, the final was played between ENKA players. Sarp Agabig\u00fcn and Berk \u0130lkel were the champions while Umut Akkoyun\/Cengiz Aksu were the other finalists.<\/span><\/p>\n<p>&nbsp;<\/p>\n<p><span style=\"font-family: 'Roboto Condensed';\">ENKA player Melis Ayda Uyar was the women\u2019s singles and doubles championships while our athlete Erden Er was men\u2019s singles champion at the Age 18 Turkey Championship.<\/span><\/p>\n<p>&nbsp;<\/p>\n<p><span style=\"font-family: 'Roboto Condensed';\">At the Age 18 Turkey Team Championship, our girls\u2019 tennis team became CHAMPIONS, while our boys\u2019 tennis team came second.<\/span><\/p>\n<p><span style=\"font-family: 'Roboto Condensed';\">At this championship, our club was represented by Deniz G\u00fcrsoy, Umut Kaan Yenilmez, Fatih Sar\u0131, Birtan Duran, Berk Turan Ergin, Kerem Y\u0131lmaz, Ege Yavuz Yenilmez, \u00d6zlem Uslu, Melis.Ayda Uyar, Melissa Yakup Pour, \u0130rem Kurt, Ezgi \u00c7a\u011f\u0131l \u00d6z\u00e7elik, Deniz Turan, Leyla Elmas, \u0130rem Kutluay and Asl\u0131 Dall\u0131.<\/span>[\/vc_column_text][\/vc_column][vc_column width=&#8221;1\/3&#8243;]<div class=\"ult-spacer spacer-69e0e7f13de3b\" data-id=\"69e0e7f13de3b\" data-height=\"24\" data-height-mobile=\"24\" data-height-tab=\"24\" data-height-tab-portrait=\"\" data-height-mobile-landscape=\"\" style=\"clear:both;display:block;\"><\/div>[vc_single_image image=&#8221;31806&#8243;][\/vc_column][\/vc_row][vc_row padding_top=&#8221;30px&#8221; bg_type=&#8221;bg_color&#8221; bg_color_value=&#8221;#f5f5f5&#8243;][vc_column][vc_column_text]<span style=\"font-family: 'Roboto Condensed';\"><strong>In International Rankings in the 2021 Season:<\/strong><\/span><\/p>\n<p><span style=\"font-family: 'Roboto Condensed';\">Our players in the Top 1,000 as of December 31<sup>st<\/sup> 2021:<\/span><\/p>\n<p><span style=\"font-family: 'Roboto Condensed';\"><u>WTA Rankings<\/u>: \u00c7a\u011fla B\u00fcy\u00fckak\u00e7ay (240<sup>th<\/sup>), \u0130pek \u00d6z (301<sup>st<\/sup>), \u0130pek Soylu (453<sup>rd<\/sup>) Zeynep S\u00f6nmez (531<sup>st<\/sup>), Ayla Aksu (674<sup>th<\/sup>), Ba\u015fak Erayd\u0131n (869<sup>th<\/sup>) and \u00d6zlem Uslu (911<sup>th<\/sup>).<\/span><\/p>\n<p><span style=\"font-family: 'Roboto Condensed';\"><u>ATP Rankings:<\/u> Cem \u0130lkel (144<sup>th<\/sup>), Altu\u011f \u00c7elikbilek (162<sup>nd<\/sup>) and Yank\u0131 Erel (426<sup>th<\/sup>)<\/span><\/p>\n<p>&nbsp;<\/p>\n<p><span style=\"font-family: 'Roboto Condensed';\">Our players in the Top 500 as of December 31<sup>st<\/sup> 2021:<\/span><\/p>\n<p><span style=\"font-family: 'Roboto Condensed';\"><u>ITF Junior:<\/u> Melisa Ercan (100<sup>th<\/sup>), \u00d6zlem Uslu (119<sup>th<\/sup>), Leyla Elmas (276<sup>th<\/sup>), Birtan Duran (273<sup>rd<\/sup>) and Fatih Sar\u0131 (455<sup>th<\/sup>)<\/span>[\/vc_column_text][\/vc_column][\/vc_row][vc_row padding_top=&#8221;30px&#8221; bg_type=&#8221;bg_color&#8221; bg_color_value=&#8221;#f5f5f5&#8243;][vc_column][vc_column_text]<\/p>\n<h3><span style=\"font-family: 'Roboto Condensed';\">2021 National Team Players;<\/span><\/h3>\n<table width=\"51%\">\n<tbody>\n<tr>\n<td width=\"10%\"><span style=\"font-family: 'Roboto Condensed';\">S\u0131ra<\/span><\/td>\n<td width=\"39%\"><span style=\"font-family: 'Roboto Condensed';\">Ad\u0131-Soyad\u0131<\/span><\/td>\n<td width=\"10%\"><span style=\"font-family: 'Roboto Condensed';\">S\u0131ra<\/span><\/td>\n<td width=\"39%\"><span style=\"font-family: 'Roboto Condensed';\">Ad\u0131-Soyad\u0131<\/span><\/td>\n<\/tr>\n<tr>\n<td width=\"10%\"><span style=\"font-family: 'Roboto Condensed';\">1<\/span><\/td>\n<td width=\"39%\"><span style=\"font-family: 'Roboto Condensed';\">Ba\u015fak Eraydin<\/span><\/td>\n<td width=\"10%\"><span style=\"font-family: 'Roboto Condensed';\">1<\/span><\/td>\n<td width=\"39%\"><span style=\"font-family: 'Roboto Condensed';\">Mehmet Cem \u0130lkel<\/span><\/td>\n<\/tr>\n<tr>\n<td width=\"10%\"><span style=\"font-family: 'Roboto Condensed';\">2<\/span><\/td>\n<td width=\"39%\"><span style=\"font-family: 'Roboto Condensed';\">Ayla Aksu<\/span><\/td>\n<td width=\"10%\"><span style=\"font-family: 'Roboto Condensed';\">2<\/span><\/td>\n<td width=\"39%\"><span style=\"font-family: 'Roboto Condensed';\">Altu\u011f \u00c7elikbilek<\/span><\/td>\n<\/tr>\n<tr>\n<td width=\"10%\"><span style=\"font-family: 'Roboto Condensed';\">3<\/span><\/td>\n<td width=\"39%\"><span style=\"font-family: 'Roboto Condensed';\">\u0130pek \u00d6z<\/span><\/td>\n<td width=\"10%\"><span style=\"font-family: 'Roboto Condensed';\">3<\/span><\/td>\n<td width=\"39%\"><span style=\"font-family: 'Roboto Condensed';\">\u0130lhan Sarp Agabigun<\/span><\/td>\n<\/tr>\n<tr>\n<td width=\"10%\"><span style=\"font-family: 'Roboto Condensed';\">4<\/span><\/td>\n<td width=\"39%\"><span style=\"font-family: 'Roboto Condensed';\">\u00d6zlem Uslu<\/span><\/td>\n<td width=\"10%\"><span style=\"font-family: 'Roboto Condensed';\">4<\/span><\/td>\n<td width=\"39%\"><span style=\"font-family: 'Roboto Condensed';\">Yank\u0131 Erel<\/span><\/td>\n<\/tr>\n<tr>\n<td width=\"10%\"><span style=\"font-family: 'Roboto Condensed';\">5<\/span><\/td>\n<td width=\"39%\"><span style=\"font-family: 'Roboto Condensed';\">Deniz Turan<\/span><\/td>\n<td colspan=\"2\" width=\"50%\"><\/td>\n<\/tr>\n<\/tbody>\n<\/table>\n<p>[\/vc_column_text][\/vc_column][\/vc_row][vc_row padding_top=&#8221;80px&#8221; padding_bottom=&#8221;60px&#8221; bg_type=&#8221;image&#8221; bg_override=&#8221;full&#8221; enable_overlay=&#8221;enable_overlay_value&#8221; overlay_color=&#8221;rgba(255,255,255,0.8)&#8221; overlay_pattern=&#8221;transperant&#8221; overlay_pattern_opacity=&#8221;80&#8243; overlay_pattern_attachment=&#8221;fixed&#8221; seperator_enable=&#8221;seperator_enable_value&#8221; seperator_type=&#8221;clouds_seperator&#8221; seperator_position=&#8221;top_bottom_seperator&#8221; seperator_svg_height=&#8221;80&#8243; seperator_shape_background=&#8221;#f5f5f5&#8243;][vc_column]<div id=\"ultimate-heading-43969e0e7f13de6b\" class=\"uvc-heading ult-adjust-bottom-margin ultimate-heading-43969e0e7f13de6b uvc-7404 \" data-hspacer=\"line_only\"  data-halign=\"left\" style=\"text-align:left\"><div class=\"uvc-main-heading ult-responsive\"  data-ultimate-target='.uvc-heading.ultimate-heading-43969e0e7f13de6b h2'  data-responsive-json-new='{\"font-size\":\"desktop:20px;\",\"line-height\":\"desktop:20px;\"}' ><h2 style=\"font-weight:normal;color:#000000;\">LET'S SEE<\/h2><\/div><div class=\"uvc-sub-heading ult-responsive\"  data-ultimate-target='.uvc-heading.ultimate-heading-43969e0e7f13de6b .uvc-sub-heading '  data-responsive-json-new='{\"font-size\":\"desktop:45px;tablet_portrait:35px;mobile_landscape:35px;mobile:35px;\",\"line-height\":\"desktop:45px;tablet_portrait:35px;mobile_landscape:35px;mobile:35px;\"}'  style=\"font-weight:bold;color:#000000;\">Sub\u00a0<span style=\"color: #fe5252;\">Menus<\/span><\/div><div class=\"uvc-heading-spacer line_only\" style=\"margin-top:10px;margin-bottom:40px;height:3px;\"><span class=\"uvc-headings-line\" style=\"border-style:solid;border-bottom-width:3px;border-color:#fe5252;width:100px;\"><\/span><\/div><\/div>[vc_basic_grid post_type=&#8221;page&#8221; max_items=&#8221;10&#8243; element_width=&#8221;3&#8243; gap=&#8221;15&#8243; order=&#8221;ASC&#8221; item=&#8221;4032&#8243; grid_id=&#8221;vc_gid:1654764789995-05a233c2-8ce4-5&#8243; taxonomies=&#8221;2456&#8243; exclude=&#8221;17405&#8243;][\/vc_column][\/vc_row]<\/p>\n<\/div>","protected":false},"excerpt":{"rendered":"<p>[vc_row][vc_column width=&#8221;1\/6&#8243;][\/vc_column][vc_column width=&#8221;2\/3&#8243;][\/vc_column][vc_column width=&#8221;1\/6&#8243;][\/vc_column][\/vc_row][vc_row padding_top=&#8221;30px&#8221; bg_type=&#8221;bg_color&#8221; bg_color_value=&#8221;#f5f5f5&#8243;][vc_column][\/vc_column][\/vc_row][vc_row padding_top=&#8221;30px&#8221; bg_type=&#8221;bg_color&#8221; bg_color_value=&#8221;#f5f5f5&#8243;][vc_column][vc_custom_heading text=&#8221;In 2021&#8221; google_fonts=&#8221;font_family:Roboto%20Condensed%3A300%2C300italic%2Cregular%2Citalic%2C700%2C700italic|font_style:400%20regular%3A400%3Anormal&#8221;][vc_column_text] ENKA Sports has 384 active tennis players of whom 175 have active licences and 106 are in the training stage. In the 2021 Season, 10 of our athletes played for the Turkish National Teams in the Age 12, 14, 16, 18 and Senior categories. [\/vc_column_text][\/vc_column][\/vc_row][vc_row padding_top=&#8221;30px&#8221; bg_type=&#8221;bg_color&#8221; bg_color_value=&#8221;#f5f5f5&#8243;][vc_column][vc_custom_heading text=&#8221;International Great Organizations during&#8230;<\/p>\n","protected":false},"author":2,"featured_media":17453,"parent":17405,"menu_order":0,"comment_status":"closed","ping_status":"closed","template":"","meta":{"_acf_changed":false,"footnotes":""},"class_list":["post-17438","page","type-page","status-publish","has-post-thumbnail","hentry","custom-post-type-entry"],"aioseo_notices":[],"acf":[],"_links":{"self":[{"href":"https:\/\/www.enkaspor.com\/en\/wp-json\/wp\/v2\/pages\/17438","targetHints":{"allow":["GET"]}}],"collection":[{"href":"https:\/\/www.enkaspor.com\/en\/wp-json\/wp\/v2\/pages"}],"about":[{"href":"https:\/\/www.enkaspor.com\/en\/wp-json\/wp\/v2\/types\/page"}],"author":[{"embeddable":true,"href":"https:\/\/www.enkaspor.com\/en\/wp-json\/wp\/v2\/users\/2"}],"replies":[{"embeddable":true,"href":"https:\/\/www.enkaspor.com\/en\/wp-json\/wp\/v2\/comments?post=17438"}],"version-history":[{"count":2,"href":"https:\/\/www.enkaspor.com\/en\/wp-json\/wp\/v2\/pages\/17438\/revisions"}],"predecessor-version":[{"id":40526,"href":"https:\/\/www.enkaspor.com\/en\/wp-json\/wp\/v2\/pages\/17438\/revisions\/40526"}],"up":[{"embeddable":true,"href":"https:\/\/www.enkaspor.com\/en\/wp-json\/wp\/v2\/pages\/17405"}],"wp:featuredmedia":[{"embeddable":true,"href":"https:\/\/www.enkaspor.com\/en\/wp-json\/wp\/v2\/media\/17453"}],"wp:attachment":[{"href":"https:\/\/www.enkaspor.com\/en\/wp-json\/wp\/v2\/media?parent=17438"}],"curies":[{"name":"wp","href":"https:\/\/api.w.org\/{rel}","templated":true}]}}