{"id":25897,"date":"2018-11-30T15:18:09","date_gmt":"2018-11-30T12:18:09","guid":{"rendered":"http:\/\/www.enkaspor.com\/?page_id=25897"},"modified":"2025-10-02T16:56:05","modified_gmt":"2025-10-02T13:56:05","slug":"our-values","status":"publish","type":"page","link":"https:\/\/www.enkaspor.com\/en\/about-us\/our-values\/","title":{"rendered":"OUR VALUES"},"content":{"rendered":"<div class=\"wpb-content-wrapper\"><p>[vc_row][vc_column width=&#8221;1\/6&#8243;][\/vc_column][vc_column width=&#8221;2\/3&#8243;]<div id=\"ultimate-heading-216769e8dfe77df53\" class=\"uvc-heading ult-adjust-bottom-margin ultimate-heading-216769e8dfe77df53 uvc-7012 \" data-hspacer=\"line_with_icon\" data-hline_width=\"auto\" data-hicon_type=\"custom\" data-hborder_style=\"solid\" data-hborder_height=\"3\" data-hborder_color=\"#fe5252\" data-icon_width=\"100\" data-hfixer=\"30\"  data-halign=\"center\" style=\"text-align:center\"><div class=\"uvc-heading-spacer line_with_icon\" style=\"top\"><div class=\"ult-just-icon-wrapper  \"><div class=\"align-icon\" style=\"text-align:center;\">\n<div class=\"aio-icon-img \" style=\"font-size:100px;display:inline-block;\" >\n\t<img decoding=\"async\" class=\"img-icon\" alt=\"null\" src=\"https:\/\/www.enkaspor.com\/wp-content\/uploads\/2017\/11\/Enka-Spor-Logo_Blue.png\"\/>\n<\/div><\/div><\/div><\/div><\/div><div class=\"ult-spacer spacer-69e8dfe77dfa9\" data-id=\"69e8dfe77dfa9\" data-height=\"30\" data-height-mobile=\"10\" data-height-tab=\"20\" data-height-tab-portrait=\"\" data-height-mobile-landscape=\"\" style=\"clear:both;display:block;\"><\/div>[\/vc_column][vc_column width=&#8221;1\/6&#8243;][\/vc_column][\/vc_row][vc_row padding_top=&#8221;30px&#8221; bg_type=&#8221;bg_color&#8221; bg_color_value=&#8221;#f5f5f5&#8243;][vc_column]<div id=\"ultimate-heading-86169e8dfe77dfed\" class=\"uvc-heading ult-adjust-bottom-margin ultimate-heading-86169e8dfe77dfed uvc-7394 \" data-hspacer=\"line_only\"  data-halign=\"left\" style=\"text-align:left\"><div class=\"uvc-sub-heading ult-responsive\"  data-ultimate-target='.uvc-heading.ultimate-heading-86169e8dfe77dfed .uvc-sub-heading '  data-responsive-json-new='{\"font-size\":\"desktop:50px;tablet:48px;tablet_portrait:46px;mobile_landscape:44px;mobile:42px;\",\"line-height\":\"desktop:50px;tablet:48px;tablet_portrait:46px;mobile_landscape:44px;mobile:42px;\"}'  style=\"font-weight:bold;color:#000000;\">DE\u011eERLER\u0130M\u0130Z<\/div><div class=\"uvc-heading-spacer line_only\" style=\"margin-top:10px;height:3px;\"><span class=\"uvc-headings-line\" style=\"border-style:solid;border-bottom-width:3px;border-color:#fe5252;width:100px;\"><\/span><\/div><\/div>[\/vc_column][\/vc_row][vc_row padding_top=&#8221;30px&#8221; bg_type=&#8221;bg_color&#8221; bg_color_value=&#8221;#f5f5f5&#8243;][vc_column][vc_column_text]Our values, which are the cornerstone of our institution, strengthen our unity and solidarity, ensure our consistency and make our mission possible, are as follows;<\/p>\n<p>&nbsp;<\/p>\n<p>Ethics and Morals<\/p>\n<p>We act within the framework of good faith, honesty and impartiality.<\/p>\n<p>We do what we commit, we keep our word.<\/p>\n<p>We are against all forms of doping and we raise awareness of our athletes on this issue.<\/p>\n<p>We respect the privacy of business-related information and personal data.<\/p>\n<p>We respect universal values.<\/p>\n<p>We treat everyone fairly and accept fair culture as an integral part of corporate culture.<\/p>\n<p>&nbsp;<\/p>\n<p>Respect and Trust<\/p>\n<p>We show the care and respect that people, nature, environment and all living things deserve.<\/p>\n<p>We always consider how our actions will affect others.<\/p>\n<p>We respect differences; We do not discriminate on the basis of race, ethnicity, age, gender, religion or political opinion.<\/p>\n<p>We do not withhold our smiling face and greetings from anyone.<\/p>\n<p>We prioritize the feeling of trust.<\/p>\n<p>&nbsp;<\/p>\n<p>Sincerity, Openness and Innovation<\/p>\n<p>We do not stop questioning to find the truth and the most appropriate,<\/p>\n<p>We do not hesitate to say what we know to be true, we share it openly,<\/p>\n<p>We prefer to convey directly instead of indirect expression,<\/p>\n<p>We respect the views of those who openly and sincerely share their views and opinions.<\/p>\n<p>We learn with curiosity, teach with enthusiasm, share openly, change and move forward with courage,<\/p>\n<p>We are open to innovations.[\/vc_column_text][\/vc_column][\/vc_row][vc_row padding_top=&#8221;80px&#8221; padding_bottom=&#8221;60px&#8221; bg_type=&#8221;image&#8221; bg_override=&#8221;full&#8221; enable_overlay=&#8221;enable_overlay_value&#8221; overlay_color=&#8221;rgba(255,255,255,0.8)&#8221; overlay_pattern=&#8221;transperant&#8221; overlay_pattern_opacity=&#8221;80&#8243; overlay_pattern_attachment=&#8221;fixed&#8221; seperator_enable=&#8221;seperator_enable_value&#8221; seperator_type=&#8221;clouds_seperator&#8221; seperator_position=&#8221;top_bottom_seperator&#8221; seperator_svg_height=&#8221;80&#8243; seperator_shape_background=&#8221;#f5f5f5&#8243;][vc_column]<div id=\"ultimate-heading-602969e8dfe77e032\" class=\"uvc-heading ult-adjust-bottom-margin ultimate-heading-602969e8dfe77e032 uvc-8831 \" data-hspacer=\"line_only\"  data-halign=\"left\" style=\"text-align:left\"><div class=\"uvc-main-heading ult-responsive\"  data-ultimate-target='.uvc-heading.ultimate-heading-602969e8dfe77e032 h2'  data-responsive-json-new='{\"font-size\":\"desktop:20px;\",\"line-height\":\"desktop:20px;\"}' ><h2 style=\"font-weight:normal;color:#000000;\">\u0130LG\u0130L\u0130 SAYFALARA<\/h2><\/div><div class=\"uvc-sub-heading ult-responsive\"  data-ultimate-target='.uvc-heading.ultimate-heading-602969e8dfe77e032 .uvc-sub-heading '  data-responsive-json-new='{\"font-size\":\"desktop:45px;tablet_portrait:35px;mobile_landscape:35px;mobile:35px;\",\"line-height\":\"desktop:45px;tablet_portrait:35px;mobile_landscape:35px;mobile:35px;\"}'  style=\"font-weight:bold;color:#fe5252;\">Bakal\u0131m<\/div><div class=\"uvc-heading-spacer line_only\" style=\"margin-top:10px;margin-bottom:40px;height:3px;\"><span class=\"uvc-headings-line\" style=\"border-style:solid;border-bottom-width:3px;border-color:#000000;width:100px;\"><\/span><\/div><\/div>[vc_basic_grid post_type=&#8221;page&#8221; max_items=&#8221;10&#8243; element_width=&#8221;3&#8243; gap=&#8221;15&#8243; order=&#8221;ASC&#8221; item=&#8221;4032&#8243; grid_id=&#8221;vc_gid:1641548347662-afdfe620-651f-5&#8243; taxonomies=&#8221;2453&#8243; exclude=&#8221;17248&#8243;][\/vc_column][\/vc_row]<\/p>\n<\/div>","protected":false},"excerpt":{"rendered":"<p>[vc_row][vc_column width=&#8221;1\/6&#8243;][\/vc_column][vc_column width=&#8221;2\/3&#8243;][\/vc_column][vc_column width=&#8221;1\/6&#8243;][\/vc_column][\/vc_row][vc_row padding_top=&#8221;30px&#8221; bg_type=&#8221;bg_color&#8221; bg_color_value=&#8221;#f5f5f5&#8243;][vc_column][\/vc_column][\/vc_row][vc_row padding_top=&#8221;30px&#8221; bg_type=&#8221;bg_color&#8221; bg_color_value=&#8221;#f5f5f5&#8243;][vc_column][vc_column_text]Our values, which are the cornerstone of our institution, strengthen our unity and solidarity, ensure our consistency and make our mission possible, are as follows; &nbsp; Ethics and Morals We act within the framework of good faith, honesty and impartiality. We do what we commit, we keep our word. We are against all forms of doping&#8230;<\/p>\n","protected":false},"author":9,"featured_media":17218,"parent":17244,"menu_order":0,"comment_status":"closed","ping_status":"closed","template":"","meta":{"_acf_changed":false,"footnotes":""},"class_list":["post-25897","page","type-page","status-publish","has-post-thumbnail","hentry","custom-post-type-entry"],"aioseo_notices":[],"acf":[],"_links":{"self":[{"href":"https:\/\/www.enkaspor.com\/en\/wp-json\/wp\/v2\/pages\/25897","targetHints":{"allow":["GET"]}}],"collection":[{"href":"https:\/\/www.enkaspor.com\/en\/wp-json\/wp\/v2\/pages"}],"about":[{"href":"https:\/\/www.enkaspor.com\/en\/wp-json\/wp\/v2\/types\/page"}],"author":[{"embeddable":true,"href":"https:\/\/www.enkaspor.com\/en\/wp-json\/wp\/v2\/users\/9"}],"replies":[{"embeddable":true,"href":"https:\/\/www.enkaspor.com\/en\/wp-json\/wp\/v2\/comments?post=25897"}],"version-history":[{"count":1,"href":"https:\/\/www.enkaspor.com\/en\/wp-json\/wp\/v2\/pages\/25897\/revisions"}],"predecessor-version":[{"id":40553,"href":"https:\/\/www.enkaspor.com\/en\/wp-json\/wp\/v2\/pages\/25897\/revisions\/40553"}],"up":[{"embeddable":true,"href":"https:\/\/www.enkaspor.com\/en\/wp-json\/wp\/v2\/pages\/17244"}],"wp:featuredmedia":[{"embeddable":true,"href":"https:\/\/www.enkaspor.com\/en\/wp-json\/wp\/v2\/media\/17218"}],"wp:attachment":[{"href":"https:\/\/www.enkaspor.com\/en\/wp-json\/wp\/v2\/media?parent=25897"}],"curies":[{"name":"wp","href":"https:\/\/api.w.org\/{rel}","templated":true}]}}